{"id":18169,"date":"2023-12-11T18:19:22","date_gmt":"2023-12-11T18:19:22","guid":{"rendered":"http:\/\/test.egtc.ee\/?page_id=18169"},"modified":"2025-07-03T01:41:53","modified_gmt":"2025-07-03T01:41:53","slug":"what-is-gestalt","status":"publish","type":"page","link":"https:\/\/test.egtc.ee\/et\/courses\/what-is-gestalt\/","title":{"rendered":"Mis on Gestalt?"},"content":{"rendered":"<div class=\"brz-root__container brz-reset-all brz brz-root__container-page\">\n<section id=\"_zzyDz9pUB7QD\" class=\"brz-section brz-css-12nr94v brz-css-ok95wc\">\n<div class=\"brz-section__content brz-section--boxed brz-css-185eltq brz-css-1xku20l\" data-brz-custom-id=\"jF3F7Zl5s6IC\">\n<div class=\"brz-bg\">\n<div class=\"brz-bg-color\"><\/div>\n<div class=\"brz-bg-shape brz-bg-shape__top\"><\/div>\n<div class=\"brz-bg-shape brz-bg-shape__bottom\"><\/div>\n<\/div>\n<div class=\"brz-container brz-css-11vca5\">\n<div class=\"brz-row__container brz-css-1twa12p\" data-brz-custom-id=\"pf4WoPs_FPlH\">\n<div class=\"brz-bg\"><\/div>\n<div class=\"brz-row brz-css-c2kzw9 brz-css-1wb8o4z\">\n<div class=\"brz-columns brz-css-1c92aqa brz-css-1ult43w\" data-brz-custom-id=\"bvq1dwI9KFG8\">\n<div class=\"brz-bg\"><\/div>\n<div class=\"brz-column__items brz-css-1kbyull\">\n<div id=\"\" class=\"brz-css-v75bmo brz-wrapper\">\n<div class=\"brz-rich-text brz-rich-text__custom brz-css-a13kkx\" data-brz-custom-id=\"tLAbpeVoMSkH\">\n<div data-brz-translate-text=\"1\">\n<h2 class=\"brz-tp-lg-heading2 brz-css-edoUs\" data-generated-css=\"brz-css-dkslO\" data-uniq-id=\"dFZ77\"><span style=\"opacity: 0.61\">\u00dchep\u00e4evane tutvustus<\/span><\/h2>\n<\/div>\n<\/div>\n<\/div>\n<div id=\"\" class=\"brz-css-v75bmo brz-css-zkfu5k brz-wrapper\">\n<div class=\"brz-spacer brz-css-xe10s3 brz-css-1sah8zm\"><\/div>\n<\/div>\n<\/div>\n<\/div>\n<div class=\"brz-columns brz-css-1c92aqa\" data-brz-custom-id=\"pqCLTTIjdVOs\">\n<div class=\"brz-bg\"><\/div>\n<div class=\"brz-column__items brz-css-1kbyull\">\n<div id=\"\" class=\"brz-css-v75bmo brz-css-zkfu5k brz-wrapper\">\n<div class=\"brz-spacer brz-css-xe10s3\"><\/div>\n<\/div>\n<\/div>\n<\/div>\n<\/div>\n<\/div>\n<\/div>\n<\/div>\n<\/section>\n<section id=\"_sbFwPm8XfPM8\" class=\"brz-section brz-css-12nr94v\">\n<div class=\"brz-section__content brz-section--boxed brz-css-185eltq brz-css-t5uert\" data-brz-custom-id=\"o8I7knT55yVA\">\n<div class=\"brz-container brz-css-11vca5 brz-css-iyru1q\">\n<div class=\"brz-row__container brz-css-1twa12p\" data-brz-custom-id=\"g8Y2rm5Bs8rC\">\n<div class=\"brz-bg\"><\/div>\n<div class=\"brz-row brz-css-c2kzw9 brz-css-1wb8o4z\">\n<div class=\"brz-columns brz-css-1c92aqa brz-css-1qbjpga\" data-brz-custom-id=\"cjlFGuKRsYu0\">\n<div class=\"brz-bg\">\n<div class=\"brz-bg-color\"><\/div>\n<\/div>\n<div class=\"brz-column__items brz-css-1kbyull brz-css-i45xhs\">\n<div id=\"\" class=\"brz-css-v75bmo brz-wrapper\">\n<div class=\"brz-image brz-css-1kg7dmx\" data-brz-custom-id=\"cS1p9jTFZfIa\"><img decoding=\"async\" class=\"brz-img\" src=\"http:\/\/test.egtc.ee\/wp-content\/uploads\/brizy\/imgs\/spiral-geaeb50e4a_1920-300x225x0x0x300x225x1725368070.jpg\" alt=\"\" loading=\"lazy\"><\/div>\n<\/div>\n<div id=\"\" class=\"brz-css-v75bmo brz-wrapper\">\n<div class=\"brz-rich-text brz-rich-text__custom brz-css-a13kkx\" data-brz-custom-id=\"yf06I4B2xg6F\">\n<div data-brz-translate-text=\"1\">\n<h5 data-uniq-id=\"f4rtC\" data-generated-css=\"brz-css-bvZS8\" class=\"brz-text-xs-center brz-tp-lg-heading5 brz-css-aj6nc\"><span class=\"brz-cp-color7\">Info<\/span><\/h5>\n<\/div>\n<\/div>\n<\/div>\n<div id=\"\" class=\"brz-css-v75bmo brz-wrapper\">\n<div class=\"brz-icon-text brz-css-15uyca5\" data-brz-custom-id=\"bUifp1kJQ6YY\">\n<div class=\"brz-icon__container\" data-brz-custom-id=\"e5XO4y6cxO1R\"><span class=\"brz-icon brz-span brz-css-1lit5w2 brz-css-985ek3\"><\/span><\/div>\n<div class=\"brz-text-btn\">\n<div class=\"brz-rich-text brz-rich-text__custom brz-css-a13kkx\" data-brz-custom-id=\"tks4twCqiXLx\">\n<div data-brz-translate-text=\"1\">\n<p class=\"brz-tp-lg-subtitle brz-css-vkOZf\" data-uniq-id=\"fZ9CN\" data-generated-css=\"brz-css-bkl4F\"><strong style=\"opacity: 1\" class=\"brz-cp-color5\">2.11.2024, Sat 10-17 (l\u00f5una kl 13-14)<\/strong><\/p>\n<\/div>\n<\/div>\n<\/div>\n<\/div>\n<\/div>\n<div id=\"\" class=\"brz-css-v75bmo brz-wrapper\">\n<div class=\"brz-icon-text brz-css-15uyca5\" data-brz-custom-id=\"pOd7DboDK3qG\">\n<div class=\"brz-icon__container\" data-brz-custom-id=\"srw5zEq41Jk8\"><span class=\"brz-icon brz-span brz-css-1lit5w2 brz-css-yubp9j\"><\/span><\/div>\n<div class=\"brz-text-btn\">\n<div class=\"brz-rich-text brz-rich-text__custom brz-css-a13kkx\" data-brz-custom-id=\"nxcGbxLOEZQR\">\n<div data-brz-translate-text=\"1\">\n<p class=\"brz-tp-lg-subtitle brz-css-oqBN7\" data-uniq-id=\"rjOaI\" data-generated-css=\"brz-css-oGDbM\"><span class=\"brz-cp-color5 brz-span\" style=\"opacity: 1\"><strong>Graniidi 1, Tallinn<\/strong><\/span><\/p>\n<\/div>\n<\/div>\n<\/div>\n<\/div>\n<\/div>\n<div id=\"\" class=\"brz-css-v75bmo brz-wrapper\">\n<div class=\"brz-icon-text brz-css-15uyca5\" data-brz-custom-id=\"fEeIthV7AVsV\">\n<div class=\"brz-icon__container\" data-brz-custom-id=\"qO9WVrHp6M0M\"><span class=\"brz-icon brz-span brz-css-1lit5w2 brz-css-1wg2pob\"><\/span><\/div>\n<div class=\"brz-text-btn\">\n<div class=\"brz-rich-text brz-rich-text__custom brz-css-a13kkx\" data-brz-custom-id=\"yW08FYuVQfXW\">\n<div data-brz-translate-text=\"1\">\n<p data-uniq-id=\"nd1zB\" data-generated-css=\"brz-css-oE044\" class=\"brz-tp-lg-subtitle brz-css-zr3fD\"><strong style=\"opacity: 1\" class=\"brz-cp-color5\">Inglise keeles <\/strong><\/p>\n<\/div>\n<\/div>\n<\/div>\n<\/div>\n<\/div>\n<div id=\"\" class=\"brz-css-v75bmo brz-wrapper\">\n<div class=\"brz-icon-text brz-css-15uyca5\" data-brz-custom-id=\"uJItVLKo5RSe\">\n<div class=\"brz-icon__container\" data-brz-custom-id=\"vSsZOlM0cTGo\"><span class=\"brz-icon brz-span brz-css-1lit5w2 brz-css-igtnu7\"><\/span><\/div>\n<div class=\"brz-text-btn\">\n<div class=\"brz-rich-text brz-rich-text__custom brz-css-a13kkx\" data-brz-custom-id=\"eJwOAnHlMSpm\">\n<div data-brz-translate-text=\"1\">\n<p class=\"brz-tp-lg-subtitle brz-css-lYdXo\" data-generated-css=\"brz-css-bBDcw\" data-uniq-id=\"rqFF5\"><strong style=\"opacity: 1\" class=\"brz-cp-color5\">Koolitajad: Oliver Baiocco<\/strong><\/p>\n<p class=\"brz-tp-lg-subtitle brz-css-yfNZ0\" data-generated-css=\"brz-css-bBDcw\" data-uniq-id=\"rqFF5\"><strong style=\"opacity: 1\" class=\"brz-cp-color5\">Kaire Talviste-Baiocco <\/strong><\/p>\n<\/div>\n<\/div>\n<\/div>\n<\/div>\n<\/div>\n<div id=\"\" class=\"brz-css-v75bmo brz-wrapper\">\n<div class=\"brz-icon-text brz-css-15uyca5\" data-brz-custom-id=\"g5EgJyZGlPgw\">\n<div class=\"brz-icon__container\" data-brz-custom-id=\"eoj0SEpzOW9y\"><span class=\"brz-icon brz-span brz-css-1lit5w2 brz-css-kqgher\"><\/span><\/div>\n<div class=\"brz-text-btn\">\n<div class=\"brz-rich-text brz-rich-text__custom brz-css-a13kkx\" data-brz-custom-id=\"r26odCyPhqq1\">\n<div data-brz-translate-text=\"1\">\n<p class=\"brz-tp-lg-subtitle brz-css-gfIVz\" data-generated-css=\"brz-css-hlLEO\" data-uniq-id=\"betCu\"><strong style=\"opacity: 1\" class=\"brz-cp-color5\">80 \u20ac, eelregistreerimisega<\/strong><\/p>\n<\/div>\n<\/div>\n<\/div>\n<\/div>\n<\/div>\n<\/div>\n<\/div>\n<div class=\"brz-columns brz-css-1c92aqa brz-css-2gvci6\" data-brz-custom-id=\"xiSNDsFH537P\">\n<div class=\"brz-bg\"><\/div>\n<div class=\"brz-column__items brz-css-1kbyull brz-css-1us5cnb\">\n<div class=\"brz-row__container brz-css-1twa12p\" data-brz-custom-id=\"fe5V3HMDJKpQ\">\n<div class=\"brz-bg\"><\/div>\n<div class=\"brz-row brz-row--inner brz-css-c2kzw9 brz-css-1wb8o4z\">\n<div class=\"brz-columns brz-css-1c92aqa brz-css-11tw5lt\" data-brz-custom-id=\"hsrJbHGTGQg4\">\n<div class=\"brz-bg\"><\/div>\n<div class=\"brz-column__items brz-css-1kbyull brz-css-1ou3192\">\n<div id=\"\" class=\"brz-css-v75bmo brz-wrapper\">\n<div class=\"brz-rich-text brz-rich-text__custom brz-css-a13kkx\" data-brz-custom-id=\"sofUnIqd3zqQ\">\n<div data-brz-translate-text=\"1\">\n<p class=\"brz-tp-lg-abovetitle brz-css-hss5I\" data-generated-css=\"brz-css-nO5wv\" data-uniq-id=\"jwqoj\"><span class=\"brz-cp-color7\">Tutvustav t\u00f6\u00f6tuba<\/span><\/p>\n<\/div>\n<\/div>\n<\/div>\n<div id=\"\" class=\"brz-css-v75bmo brz-wrapper\">\n<div class=\"brz-rich-text brz-rich-text__custom brz-css-a13kkx\" data-brz-custom-id=\"gvqqH4zFw4xX\">\n<div data-brz-translate-text=\"1\">\n<h2 class=\"brz-tp-lg-heading2 brz-text-xs-center brz-css-grFxR\" data-uniq-id=\"eFtTy\" data-generated-css=\"brz-css-jUPG1\"><span style=\"opacity: 1\" class=\"brz-cp-color5\">Sissejuhatus gestaltteraapiasse - teooria ja praktika<\/span><\/h2>\n<\/div>\n<\/div>\n<\/div>\n<div id=\"\" class=\"brz-css-v75bmo brz-wrapper\">\n<div class=\"brz-rich-text brz-rich-text__custom brz-css-a13kkx\" data-brz-custom-id=\"a2hVToVBpSvH\">\n<div data-brz-translate-text=\"1\">\n<p class=\"brz-tp-lg-paragraph brz-text-xs-center brz-css-z_cF_\" data-generated-css=\"brz-css-aJaz0\" data-uniq-id=\"nicbI\"><span class=\"brz-cp-color7\">Gestaltteraapia on humanistlik l\u00e4henemine - see on eksistentsiaalne, eksperimentaalne ja kogemuslik. Integratiivne gestaltteraapia on \u00fcleilmselt tunnustatud ja praktiseeritav isiksuse arengut toetav l\u00e4henemine nii ps\u00fchhoteraapias, n\u00f5ustamisel kui ka koolitustel. <\/span><\/p>\n<p class=\"brz-tp-lg-paragraph brz-text-xs-center brz-css-pAcFQ\" data-generated-css=\"brz-css-fbPlH\" data-uniq-id=\"vr2HU\"><span class=\"brz-cp-color7\">German word &#8220;Gestalt&#8221; is referring to perception of things in their entirety rather than as separate elements &#8211; person<\/span><strong class=\"brz-cp-color7\">.<\/strong><span class=\"brz-cp-color7\">Keha, m\u00f5istus ja fenomenoloogiline v\u00e4li on teinetseisest lahutamatud.<\/span><\/p>\n<p class=\"brz-tp-lg-paragraph brz-text-xs-center brz-css-ewGdM\" data-generated-css=\"brz-css-l4tMb\" data-uniq-id=\"v4B35\"><span class=\"brz-cp-color7\">Gestaltteraapias on keskne koht eksperimenteerimisel, dialoogilise l\u00e4henemise eesm\u00e4rk on s\u00fcvendada oma teadlikkust kontaktis<\/span><strong class=\"brz-cp-color7\"> <\/strong><span class=\"brz-cp-color7\">siin ja praegu.<\/span><\/p>\n<p class=\"brz-tp-lg-paragraph brz-text-xs-center brz-css-ks91a\" data-generated-css=\"brz-css-v5LWw\" data-uniq-id=\"jTKJw\"><span class=\"brz-cp-color7\"> <\/span><\/p>\n<p class=\"brz-tp-lg-paragraph brz-text-xs-center brz-css-mDbnd\" data-generated-css=\"brz-css-jxT15\" data-uniq-id=\"syv8A\"><span class=\"brz-cp-color7\">Kolm gestaltteraapia sammast on:<\/span><\/p>\n<ol>\n<li class=\"brz-text-lg-left brz-tp-lg-paragraph brz-text-xs-center brz-bcp-color7 brz-css-q0MGP\" data-generated-css=\"brz-css-eXTZO\" data-uniq-id=\"sTDxY\"><span class=\"brz-cp-color7\">v\u00e4ljateooria (inimese kogemust vaadeldakse seoses tema olukorraga)<\/span><\/li>\n<li class=\"brz-text-lg-left brz-tp-lg-paragraph brz-text-xs-center brz-bcp-color7 brz-css-ik_h7\" data-generated-css=\"brz-css-gjzxG\" data-uniq-id=\"zw94N\"><span class=\"brz-cp-color7\">fenomenoloogia (interpretatsioonita subjektiivse kogemuse uurimine)<\/span><\/li>\n<li class=\"brz-text-lg-left brz-tp-lg-paragraph brz-text-xs-center brz-bcp-color7 brz-css-ux9c1\" data-generated-css=\"brz-css-qYmDZ\" data-uniq-id=\"dLhMW\"><span class=\"brz-cp-color7\">dialoogilisus (kohtumine maailma ja teise inimesega kogu meie inimlikkuses)<\/span><\/li>\n<\/ol>\n<p class=\"brz-tp-lg-paragraph brz-text-xs-center brz-css-jsYS_\" data-generated-css=\"brz-css-y7_4z\" data-uniq-id=\"oyop2\"><span class=\"brz-cp-color7\">Gestaltteraapiale panid aluse Frederick \u2032Fritz\u2032 Perls, Laura Perls ja Paul Goodman 1951. aastal. <\/span><\/p>\n<p class=\"brz-tp-lg-paragraph brz-text-xs-center brz-css-n2MAK\" data-generated-css=\"brz-css-rMkmh\" data-uniq-id=\"pTvGy\"><span class=\"brz-cp-color7\">See \u00fchep\u00e4evane kursus on avatud k\u00f5igile, kes on huvitatud gestaltteraapiast v\u00f5i v\u00f5imalustest edasiseks v\u00e4lja\u00f5ppeks, aga ka neile, kes soovivad tutvuda gestaltteraapia l\u00e4henemisega professionaalsest huvist t\u00e4iendkoolitusena.<\/span><\/p>\n<p class=\"brz-tp-lg-paragraph brz-text-xs-center brz-css-nPkGC\" data-generated-css=\"brz-css-rMgp0\" data-uniq-id=\"gvXnk\"><\/p>\n<p class=\"brz-tp-lg-paragraph brz-text-xs-center brz-css-tSNP8\" data-generated-css=\"brz-css-krjUT\" data-uniq-id=\"k9JRI\"><strong class=\"brz-cp-color7\">PROGRAMM:<\/strong><\/p>\n<ul>\n<li class=\"brz-tp-lg-paragraph brz-text-xs-center brz-bcp-color7 brz-css-t6ncw\" data-generated-css=\"brz-css-oF1AV\" data-uniq-id=\"isLah\"><span class=\"brz-cp-color7\">Teooria: gestaltteraapia p\u00f5hialused <\/span><\/li>\n<li class=\"brz-tp-lg-paragraph brz-text-xs-center brz-bcp-color7 brz-css-oLY9l\" data-generated-css=\"brz-css-vdD6o\" data-uniq-id=\"moXEJ\"><span class=\"brz-cp-color7\">Praktika: eksperimendid teooria rakendamiseks ning teadlikkuse t\u00f5stmiseks<\/span><\/li>\n<li class=\"brz-tp-lg-paragraph brz-text-xs-center brz-bcp-color7 brz-css-cm7rX\" data-generated-css=\"brz-css-yQwvC\" data-uniq-id=\"mSb5m\"><span class=\"brz-cp-color7\">Info: v\u00f5imalused edasi\u00f5ppimiseks ja isiksuslikuks arenguks<\/span><\/li>\n<\/ul>\n<p class=\"brz-tp-lg-paragraph brz-text-xs-center brz-css-rRsdW\" data-generated-css=\"brz-css-sllKl\" data-uniq-id=\"u2Bas\"><\/p>\n<\/div>\n<\/div>\n<\/div>\n<div id=\"\" class=\"brz-css-v75bmo brz-css-zkfu5k brz-css-gz0muc brz-wrapper\">\n<div class=\"brz-spacer brz-css-xe10s3 brz-css-c8atbj\"><\/div>\n<\/div>\n<div id=\"\" class=\"brz-css-v75bmo brz-css-zkfu5k brz-css-1ezt501 brz-wrapper\">\n<div class=\"brz-spacer brz-css-xe10s3 brz-css-9aqc7b\"><\/div>\n<\/div>\n<\/div>\n<\/div>\n<\/div>\n<\/div>\n<\/div>\n<\/div>\n<\/div>\n<\/div>\n<\/div>\n<\/div>\n<\/section>\n<section id=\"_x_3MZRwsSe90\" class=\"brz-section brz-css-12nr94v\">\n<div class=\"brz-section__content brz-section--boxed brz-css-185eltq brz-css-1eqxd3s\" data-brz-custom-id=\"lcYQ0BqnTHci\">\n<div class=\"brz-bg\">\n<div class=\"brz-bg-image\"><\/div>\n<div class=\"brz-bg-color\"><\/div>\n<\/div>\n<div class=\"brz-container brz-css-11vca5\">\n<div class=\"brz-row__container brz-css-1twa12p\" data-brz-custom-id=\"fdbwkJP9Q3Zm\">\n<div class=\"brz-bg\"><\/div>\n<div class=\"brz-row brz-css-c2kzw9 brz-css-1wb8o4z\">\n<div class=\"brz-columns brz-css-1c92aqa brz-css-ltqid5\" data-brz-custom-id=\"lgHvcjIuy4JY\">\n<div class=\"brz-bg\"><\/div>\n<div class=\"brz-column__items brz-css-1kbyull brz-css-jlm7jq\">\n<div id=\"\" class=\"brz-css-v75bmo brz-wrapper\">\n<div class=\"brz-rich-text brz-rich-text__custom brz-css-a13kkx\" data-brz-custom-id=\"qg_BZN_baEkZ\">\n<div data-brz-translate-text=\"1\">\n<h2 class=\"brz-tp-lg-heading2 brz-text-xs-center brz-css-gOFzW\" data-uniq-id=\"bjy7g\" data-generated-css=\"brz-css-fIJIf\"><span style=\"opacity: 1\" class=\"brz-cp-color4\">Tule ja saa osa p\u00f5nevast kogemusest!<\/span><\/h2>\n<\/div>\n<\/div>\n<\/div>\n<div id=\"\" class=\"brz-css-v75bmo brz-css-zkfu5k brz-css-1uhwq49 brz-wrapper\">\n<div class=\"brz-spacer brz-css-xe10s3 brz-css-67dum6\"><\/div>\n<\/div>\n<div id=\"\" class=\"brz-css-v75bmo brz-css-zkfu5k brz-css-u7f5jj brz-wrapper\">\n<div class=\"brz-spacer brz-css-xe10s3 brz-css-1lybvl7\"><\/div>\n<\/div>\n<div id=\"\" class=\"brz-css-v75bmo brz-css-zkfu5k brz-css-1r79yoq brz-wrapper\">\n<div class=\"brz-spacer brz-css-xe10s3 brz-css-1ukvsp3\"><\/div>\n<\/div>\n<div id=\"\" class=\"brz-css-v75bmo brz-css-zkfu5k brz-css-35mgu2 brz-wrapper\">\n<div class=\"brz-spacer brz-css-xe10s3 brz-css-mmw2ua\"><\/div>\n<\/div>\n<\/div>\n<\/div>\n<div class=\"brz-columns brz-css-1c92aqa brz-css-16ugjuc\" data-brz-custom-id=\"ma0QbyuMRSkJ\">\n<div class=\"brz-bg\">\n<div class=\"brz-bg-color\"><\/div>\n<\/div>\n<div class=\"brz-column__items brz-css-1kbyull brz-css-19syhgo\">\n<div id=\"\" class=\"brz-css-v75bmo brz-css-zkfu5k brz-css-r1ia7v brz-wrapper\">\n<div class=\"brz-spacer brz-css-xe10s3 brz-css-sb9kyk\"><\/div>\n<\/div>\n<div id=\"\" class=\"brz-css-v75bmo brz-wrapper\">\n<div class=\"brz-rich-text brz-rich-text__custom brz-css-a13kkx\" data-brz-custom-id=\"rhQzT7EP7sYm\">\n<div data-brz-translate-text=\"1\">\n<p class=\"brz-tp-lg-subtitle brz-css-rtTZl\" data-generated-css=\"brz-css-jHj0B\"><strong style=\"opacity: 1\" class=\"brz-cp-color4\">LIITU<\/strong><\/p>\n<\/div>\n<\/div>\n<\/div>\n<div id=\"\" class=\"brz-css-v75bmo brz-wrapper\">\n<div data-brz-form-version=\"2\" class=\"brz-forms2 brz-css-1btbl0m\" data-brz-custom-id=\"nbNwi4HtYcbc\">\n<div data-brz-translate-text=\"1\" class=\"brz-forms2__item brz-css-1hh9ij6 brz-css-q3trd brz-css-17ruakl\"><\/div>\n<div data-brz-translate-text=\"1\" class=\"brz-forms2__item brz-css-1hh9ij6 brz-css-q3trd brz-css-17ruakl brz-css-aoh994\"><\/div>\n<div data-brz-translate-text=\"1\" class=\"brz-forms2__item brz-css-1hh9ij6 brz-css-q3trd brz-css-17ruakl brz-css-hbzjyi\"><\/div>\n<div data-brz-translate-text=\"1\" class=\"brz-forms2__item brz-css-1hh9ij6 brz-css-q3trd brz-css-17ruakl\"><\/div>\n<div data-brz-translate-text=\"1\" class=\"brz-forms2__item brz-css-1hh9ij6 brz-css-q3trd brz-css-17ruakl brz-css-a54ovk\"><textarea id=\"qkg_2nxs18HL_\" name=\"m9kQqvuofakf\" data-brz-type=\"Paragraph\" data-brz-label=\"Your text...\" data-brz-placeholder=\"Your text...\" class=\"brz-textarea brz-forms2__field brz-forms2__field-paragraph\"><\/textarea><\/div>\n<div class=\"brz-forms2 brz-forms2__item brz-forms2__item-button\" data-brz-custom-id=\"nbNwi4HtYcbc\"><button class=\"brz-btn brz-btn-submit brz-css-185kv36 brz-css-gyedpz\" data-brz-custom-id=\"zGZG8ETzgaMU\"><span data-brz-translate-text=\"1\" class=\"brz-span brz-text__editor\">SAADA<\/span><\/button><\/div>\n<div class=\"brz-g-recaptcha\" data-sitekey=\"\" data-size=\"invisible\" data-callback=\"brzFormV2Captcha\"><\/div>\n<\/div>\n<\/div>\n<div id=\"\" class=\"brz-css-v75bmo brz-css-zkfu5k brz-css-xwswaz brz-wrapper\">\n<div class=\"brz-spacer brz-css-xe10s3 brz-css-7psyj6\"><\/div>\n<\/div>\n<\/div>\n<\/div>\n<\/div>\n<\/div>\n<\/div>\n<\/div>\n<\/section>\n<\/div>\n<p>    <!-- version:1747709084 --><\/p>","protected":false},"excerpt":{"rendered":"<p>One day course Information: 2.11.2024, Sat 10-17 (lunch 13-14) Graniidi 1, Tallinn Language: English Leaders: Oliver Baiocco, Kaire Talviste-Baiocco 80 \u20ac, pre-registration Workshop An introduction to GESTALT Therapy in theory and practice Gestalt therapy is a humanistic approach, it is existential, experimental and experiential. Gestalt as an acknowledged integrative development approach is worldwide used in [&hellip;]<\/p>","protected":false},"author":1,"featured_media":17226,"parent":26,"menu_order":0,"comment_status":"closed","ping_status":"closed","template":"brizy-blank-template.php","meta":{"footnotes":""},"class_list":["post-18169","page","type-page","status-publish","has-post-thumbnail","hentry"],"_links":{"self":[{"href":"https:\/\/test.egtc.ee\/et\/wp-json\/wp\/v2\/pages\/18169","targetHints":{"allow":["GET"]}}],"collection":[{"href":"https:\/\/test.egtc.ee\/et\/wp-json\/wp\/v2\/pages"}],"about":[{"href":"https:\/\/test.egtc.ee\/et\/wp-json\/wp\/v2\/types\/page"}],"author":[{"embeddable":true,"href":"https:\/\/test.egtc.ee\/et\/wp-json\/wp\/v2\/users\/1"}],"replies":[{"embeddable":true,"href":"https:\/\/test.egtc.ee\/et\/wp-json\/wp\/v2\/comments?post=18169"}],"version-history":[{"count":5,"href":"https:\/\/test.egtc.ee\/et\/wp-json\/wp\/v2\/pages\/18169\/revisions"}],"predecessor-version":[{"id":31738,"href":"https:\/\/test.egtc.ee\/et\/wp-json\/wp\/v2\/pages\/18169\/revisions\/31738"}],"up":[{"embeddable":true,"href":"https:\/\/test.egtc.ee\/et\/wp-json\/wp\/v2\/pages\/26"}],"wp:featuredmedia":[{"embeddable":true,"href":"https:\/\/test.egtc.ee\/et\/wp-json\/wp\/v2\/media\/17226"}],"wp:attachment":[{"href":"https:\/\/test.egtc.ee\/et\/wp-json\/wp\/v2\/media?parent=18169"}],"curies":[{"name":"wp","href":"https:\/\/api.w.org\/{rel}","templated":true}]}}