{"id":35894,"date":"2025-01-12T15:16:47","date_gmt":"2025-01-12T15:16:47","guid":{"rendered":"http:\/\/test.egtc.ee\/?page_id=35894"},"modified":"2025-07-03T01:33:51","modified_gmt":"2025-07-03T01:33:51","slug":"self-care-for-professionals","status":"publish","type":"page","link":"https:\/\/test.egtc.ee\/en_gb\/self-care-for-professionals\/","title":{"rendered":"Self-care for professionals"},"content":{"rendered":"<div class=\"brz-root__container brz-reset-all brz brz-root__container-page\">\n<section id=\"_gm2e8IjHgVQK\" class=\"brz-section brz-css-132dski brz-css-q031zl\">\n<div class=\"brz-section__content brz-section--boxed brz-css-o6gky brz-css-1uxlvu\" data-brz-custom-id=\"uHNlhdbGwydo\">\n<div class=\"brz-bg\">\n<div class=\"brz-bg-image\"><\/div>\n<div class=\"brz-bg-color\"><\/div>\n<div class=\"brz-bg-shape brz-bg-shape__top\"><\/div>\n<div class=\"brz-bg-shape brz-bg-shape__bottom\"><\/div>\n<\/div>\n<div class=\"brz-container brz-css-1kf06n2\">\n<div class=\"brz-row__container brz-css-x6tgfn\" data-brz-custom-id=\"eGJ3269t_SdV\">\n<div class=\"brz-bg\"><\/div>\n<div class=\"brz-row brz-css-kbrrvu brz-css-17na63t\">\n<div class=\"brz-columns brz-css-17unwft brz-css-3rmtmi\" data-brz-custom-id=\"hcba4bOrhwRO\">\n<div class=\"brz-bg\"><\/div>\n<div class=\"brz-column__items brz-css-1pbxpci\">\n<div id=\"\" class=\"brz-css-1llkt8w brz-wrapper\">\n<div class=\"brz-rich-text brz-rich-text__custom brz-css-bg3c3v\" data-brz-custom-id=\"mTQbGdrlr7o8\">\n<div data-brz-translate-text=\"1\">\n<h2 class=\"brz-tp-lg-heading2 brz-css-kCjMe\" data-uniq-id=\"vTMFj\" data-generated-css=\"brz-css-pbZ4c\"><span style=\"opacity: 0.61\">Course<\/span><\/h2>\n<\/div>\n<\/div>\n<\/div>\n<div id=\"\" class=\"brz-css-1llkt8w brz-css-zssyrr brz-wrapper\">\n<div class=\"brz-spacer brz-css-1c7h63j brz-css-7apdri\"><\/div>\n<\/div>\n<\/div>\n<\/div>\n<div class=\"brz-columns brz-css-17unwft\" data-brz-custom-id=\"ytpQQ4xfI2Y0\">\n<div class=\"brz-bg\"><\/div>\n<div class=\"brz-column__items brz-css-1pbxpci\">\n<div id=\"\" class=\"brz-css-1llkt8w brz-css-zssyrr brz-wrapper\">\n<div class=\"brz-spacer brz-css-1c7h63j\"><\/div>\n<\/div>\n<\/div>\n<\/div>\n<\/div>\n<\/div>\n<\/div>\n<\/div>\n<\/section>\n<section id=\"_gihpg3d1ysYA\" class=\"brz-section brz-css-132dski\">\n<div class=\"brz-section__content brz-section--boxed brz-css-o6gky brz-css-1vs62l5\" data-brz-custom-id=\"l9gs12ifqFZz\">\n<div class=\"brz-container brz-css-1kf06n2 brz-css-nq9uw2\">\n<div class=\"brz-row__container brz-css-x6tgfn\" data-brz-custom-id=\"vRwIYGjqedih\">\n<div class=\"brz-bg\"><\/div>\n<div class=\"brz-row brz-css-kbrrvu brz-css-17na63t\">\n<div class=\"brz-columns brz-css-17unwft brz-css-ut0h4j\" data-brz-custom-id=\"xOlTsRDbeACj\">\n<div class=\"brz-bg\">\n<div class=\"brz-bg-color\"><\/div>\n<\/div>\n<div class=\"brz-column__items brz-css-1pbxpci brz-css-5kvtwx\">\n<div id=\"\" class=\"brz-css-1llkt8w brz-wrapper\">\n<div class=\"brz-image brz-css-13pi36s\" data-brz-custom-id=\"kAo7qHiecqmk\"><img decoding=\"async\" class=\"brz-img\" src=\"http:\/\/test.egtc.ee\/wp-content\/uploads\/brizy\/imgs\/pencil-g09f026515_1920-318x225x18x0x300x225x1726261212.jpg\" alt=\"\" loading=\"lazy\"><\/div>\n<\/div>\n<div id=\"\" class=\"brz-css-1llkt8w brz-wrapper\">\n<div class=\"brz-rich-text brz-rich-text__custom brz-css-bg3c3v\" data-brz-custom-id=\"jv1LSZm6gTMm\">\n<div data-brz-translate-text=\"1\">\n<h5 data-uniq-id=\"f4rtC\" data-generated-css=\"brz-css-bvZS8\" class=\"brz-text-xs-center brz-tp-lg-heading5 brz-css-x_Bl4\"><span class=\"brz-cp-color7\">Information:<\/span><\/h5>\n<\/div>\n<\/div>\n<\/div>\n<div id=\"\" class=\"brz-css-1llkt8w brz-wrapper\">\n<div class=\"brz-icon-text brz-css-y8xu7t\" data-brz-custom-id=\"q_pxWYkn6R3L\">\n<div class=\"brz-icon__container\" data-brz-custom-id=\"re029H4hjXwh\"><span class=\"brz-icon brz-span brz-css-1ymu66v brz-css-ok1ro0\"><\/span><\/div>\n<div class=\"brz-text-btn\">\n<div class=\"brz-rich-text brz-rich-text__custom brz-css-bg3c3v\" data-brz-custom-id=\"dHSMGts9HXij\">\n<div data-brz-translate-text=\"1\">\n<p class=\"brz-tp-lg-subtitle brz-css-lGe3e\" data-generated-css=\"brz-css-dAjpr\" data-uniq-id=\"mxQDl\"><strong style=\"opacity: 1\" class=\"brz-cp-color5\">26.-28.03.2025 Wed 10-18, Thur 10-18, Fri 10-14 <\/strong><\/p>\n<\/div>\n<\/div>\n<\/div>\n<\/div>\n<\/div>\n<div id=\"\" class=\"brz-css-1llkt8w brz-wrapper\">\n<div class=\"brz-icon-text brz-css-y8xu7t\" data-brz-custom-id=\"fDWFha9sevqC\">\n<div class=\"brz-icon__container\" data-brz-custom-id=\"cs827eCR0Mqg\"><span class=\"brz-icon brz-span brz-css-1ymu66v brz-css-o4z3on\"><\/span><\/div>\n<div class=\"brz-text-btn\">\n<div class=\"brz-rich-text brz-rich-text__custom brz-css-bg3c3v\" data-brz-custom-id=\"cLBO4xU7c2B9\">\n<div data-brz-translate-text=\"1\">\n<p class=\"brz-tp-lg-subtitle brz-css-lOidK\" data-generated-css=\"brz-css-q8Zk8\" data-uniq-id=\"hUEez\"><span class=\"brz-cp-color5 brz-span\" style=\"opacity: 1\"><strong>Institute of Service Economy<\/strong><\/span><\/p>\n<p class=\"brz-tp-lg-subtitle brz-css-mO9DO\" data-generated-css=\"brz-css-q8Zk8\" data-uniq-id=\"hUEez\"><span class=\"brz-cp-color5 brz-span\" style=\"opacity: 1\"><strong>Tiigivahe tee 2, M\u00f5driku, L\u00e4\u00e4ne-Virumaa<\/strong><\/span><\/p>\n<\/div>\n<\/div>\n<\/div>\n<\/div>\n<\/div>\n<div id=\"\" class=\"brz-css-1llkt8w brz-wrapper\">\n<div class=\"brz-icon-text brz-css-y8xu7t\" data-brz-custom-id=\"uynfXuyU4TjK\">\n<div class=\"brz-icon__container\" data-brz-custom-id=\"uYG8lUmNRjWI\"><span class=\"brz-icon brz-span brz-css-1ymu66v brz-css-1p8t6r4\"><\/span><\/div>\n<div class=\"brz-text-btn\">\n<div class=\"brz-rich-text brz-rich-text__custom brz-css-bg3c3v\" data-brz-custom-id=\"pg8Ga63LRUXp\">\n<div data-brz-translate-text=\"1\">\n<p data-uniq-id=\"nd1zB\" data-generated-css=\"brz-css-oE044\" class=\"brz-tp-lg-subtitle brz-css-iCjYV\"><strong style=\"opacity: 1\" class=\"brz-cp-color5\">Language: English <\/strong><\/p>\n<\/div>\n<\/div>\n<\/div>\n<\/div>\n<\/div>\n<div id=\"\" class=\"brz-css-1llkt8w brz-wrapper\">\n<div class=\"brz-icon-text brz-css-y8xu7t\" data-brz-custom-id=\"ylGND3yeOI2A\">\n<div class=\"brz-icon__container\" data-brz-custom-id=\"nnfnWCwUmq2F\"><span class=\"brz-icon brz-span brz-css-1ymu66v brz-css-12ikca9\"><\/span><\/div>\n<div class=\"brz-text-btn\">\n<div class=\"brz-rich-text brz-rich-text__custom brz-css-bg3c3v\" data-brz-custom-id=\"sdEYPOfiRRLr\">\n<div data-brz-translate-text=\"1\">\n<p class=\"brz-tp-lg-subtitle brz-css-dFikC\" data-generated-css=\"brz-css-bBDcw\" data-uniq-id=\"rqFF5\"><strong style=\"opacity: 1\" class=\"brz-cp-color5\">Leaders: Oliver Baiocco,<\/strong><\/p>\n<p class=\"brz-tp-lg-subtitle brz-css-yAIip\" data-generated-css=\"brz-css-bBDcw\" data-uniq-id=\"rqFF5\"><strong style=\"opacity: 1\" class=\"brz-cp-color5\">Kaire Talviste-Baiocco <\/strong><\/p>\n<\/div>\n<\/div>\n<\/div>\n<\/div>\n<\/div>\n<div id=\"\" class=\"brz-css-1llkt8w brz-wrapper\">\n<div class=\"brz-icon-text brz-css-y8xu7t\" data-brz-custom-id=\"zmz7FGQWQx_m\">\n<div class=\"brz-icon__container\" data-brz-custom-id=\"g7ULnGmOcSVP\"><span class=\"brz-icon brz-span brz-css-1ymu66v brz-css-7qfjxo\"><\/span><\/div>\n<div class=\"brz-text-btn\">\n<div class=\"brz-rich-text brz-rich-text__custom brz-css-bg3c3v\" data-brz-custom-id=\"fwqOCRNnLP3r\">\n<div data-brz-translate-text=\"1\">\n<p class=\"brz-tp-lg-subtitle brz-css-knLU2\" data-uniq-id=\"hlCtZ\" data-generated-css=\"brz-css-p34Lf\"><strong style=\"opacity: 1\" class=\"brz-cp-color5\">Free entrance with pre-registration<\/strong><\/p>\n<\/div>\n<\/div>\n<\/div>\n<\/div>\n<\/div>\n<div id=\"\" class=\"brz-css-1llkt8w brz-wrapper\">\n<div class=\"brz-icon-text brz-css-y8xu7t\" data-brz-custom-id=\"gtJSv8AOS2bw\">\n<div class=\"brz-icon__container\" data-brz-custom-id=\"sLSI8FAovUUS\"><span class=\"brz-icon brz-span brz-css-1ymu66v brz-css-9poq7d\"><\/span><\/div>\n<div class=\"brz-text-btn\">\n<div class=\"brz-rich-text brz-rich-text__custom brz-css-bg3c3v\" data-brz-custom-id=\"jFwvuW7MtqYB\">\n<div data-brz-translate-text=\"1\">\n<p class=\"brz-tp-lg-subtitle brz-css-pGdiO\" data-uniq-id=\"jYTZ1\" data-generated-css=\"brz-css-gmpAs\"><strong style=\"opacity: 1\" class=\"brz-cp-color5\">Target group: psychotherapists, social workers and students, youth workers, teachers, lawyers, police etc. who deal with young people in difficult situations. <\/strong><\/p>\n<\/div>\n<\/div>\n<\/div>\n<\/div>\n<\/div>\n<\/div>\n<\/div>\n<div class=\"brz-columns brz-css-17unwft brz-css-15htuxh\" data-brz-custom-id=\"zLBwBZsbrVJk\">\n<div class=\"brz-bg\"><\/div>\n<div class=\"brz-column__items brz-css-1pbxpci brz-css-19ih25u\">\n<div class=\"brz-row__container brz-css-x6tgfn\" data-brz-custom-id=\"vPL2dCRK9j9V\">\n<div class=\"brz-bg\"><\/div>\n<div class=\"brz-row brz-row--inner brz-css-kbrrvu brz-css-17na63t\">\n<div class=\"brz-columns brz-css-17unwft brz-css-1lqegmz\" data-brz-custom-id=\"uoMXug21bOuc\">\n<div class=\"brz-bg\"><\/div>\n<div class=\"brz-column__items brz-css-1pbxpci brz-css-6t5uc0\">\n<div id=\"\" class=\"brz-css-1llkt8w brz-wrapper\">\n<div class=\"brz-rich-text brz-rich-text__custom brz-css-bg3c3v\" data-brz-custom-id=\"rF6YJNTNhTSx\">\n<div data-brz-translate-text=\"1\">\n<p class=\"brz-tp-lg-abovetitle brz-css-tIQY7\" data-generated-css=\"brz-css-wJbp6\" data-uniq-id=\"f7dmO\"><span class=\"brz-cp-color7\">SELF-CARE FOR PROFESSIONALS<\/span><\/p>\n<\/div>\n<\/div>\n<\/div>\n<div id=\"\" class=\"brz-css-1llkt8w brz-wrapper\">\n<div class=\"brz-rich-text brz-rich-text__custom brz-css-bg3c3v\" data-brz-custom-id=\"o3ts5Ulixws2\">\n<div data-brz-translate-text=\"1\">\n<h2 class=\"brz-tp-lg-heading2 brz-text-xs-center brz-css-iscsF\" data-uniq-id=\"fMvcv\" data-generated-css=\"brz-css-vnQ7h\"><strong style=\"opacity: 1\" class=\"brz-cp-color5\">Self-care for helpers <\/strong><\/h2>\n<\/div>\n<\/div>\n<\/div>\n<div id=\"\" class=\"brz-css-1llkt8w brz-wrapper\">\n<div class=\"brz-rich-text brz-rich-text__custom brz-css-bg3c3v\" data-brz-custom-id=\"fXb7U1xJ5V4P\">\n<div data-brz-translate-text=\"1\">\n<h3 class=\"brz-text-lg-left brz-text-xs-center brz-tp-lg-heading3 brz-css-c1CYW\" data-uniq-id=\"juMvc\" data-generated-css=\"brz-css-qawQA\"><strong style=\"opacity: 1\" class=\"brz-cp-color5\">Working with burdened and traumatized clients <\/strong><\/h3>\n<\/div>\n<\/div>\n<\/div>\n<div id=\"\" class=\"brz-css-1llkt8w brz-wrapper\">\n<div class=\"brz-rich-text brz-rich-text__custom brz-css-bg3c3v\" data-brz-custom-id=\"wdEE5lU1DPdQ\">\n<div data-brz-translate-text=\"1\">\n<p class=\"brz-text-xs-center brz-tp-lg-empty brz-ff-titillium_web brz-ft-google brz-fs-lg-16 brz-fss-lg-px brz-fw-lg-600 brz-ls-lg-0 brz-lh-lg-1_4 brz-vfw-lg-400 brz-fwdth-lg-100 brz-fsft-lg-0 brz-css-rFRsd\" data-uniq-id=\"z9UJl\" data-generated-css=\"brz-css-lbGwu\"><span class=\"brz-cp-color5\">The aim of the course is to raise awareness, support and empower people on the topic of &#8220;trauma work and self-care&#8221;. We are dealing with occupational injuries, with the risk of secondary trauma and the concept of self-care. It is about valuing existing resources, developing new skills, practising new behaviours and developing a healthy attitude.<\/span><\/p>\n<p class=\"brz-text-xs-center brz-tp-lg-empty brz-ff-titillium_web brz-ft-google brz-fs-lg-16 brz-fss-lg-px brz-fw-lg-600 brz-ls-lg-0 brz-lh-lg-1_4 brz-vfw-lg-400 brz-fwdth-lg-100 brz-fsft-lg-0 brz-css-u2Feb\" data-uniq-id=\"x_AbF\" data-generated-css=\"brz-css-mRuiJ\"><span class=\"brz-cp-color5\"> <\/span><\/p>\n<p class=\"brz-text-xs-center brz-tp-lg-empty brz-ff-titillium_web brz-ft-google brz-fs-lg-16 brz-fss-lg-px brz-fw-lg-600 brz-ls-lg-0 brz-lh-lg-1_4 brz-vfw-lg-400 brz-fwdth-lg-100 brz-fsft-lg-0 brz-css-tDFuU\" data-uniq-id=\"m5SuE\" data-generated-css=\"brz-css-qYiPz\"><span class=\"brz-cp-color5\">The aim is to strengthen the individual and professional personality in line with individual and social needs. The training is meant to support specialists in reflecting, strengthening and expanding their professional role and self-esteem as a social service provider. <\/span><\/p>\n<p class=\"brz-text-xs-center brz-tp-lg-empty brz-ff-titillium_web brz-ft-google brz-fs-lg-16 brz-fss-lg-px brz-fw-lg-600 brz-ls-lg-0 brz-lh-lg-1_4 brz-vfw-lg-400 brz-fwdth-lg-100 brz-fsft-lg-0 brz-css-aJ1vg\" data-uniq-id=\"yeF5w\" data-generated-css=\"brz-css-qHSSR\"><span class=\"brz-cp-color5\"> <\/span><\/p>\n<p class=\"brz-text-xs-center brz-tp-lg-empty brz-ff-titillium_web brz-ft-google brz-fs-lg-16 brz-fss-lg-px brz-fw-lg-600 brz-ls-lg-0 brz-lh-lg-1_4 brz-vfw-lg-400 brz-fwdth-lg-100 brz-fsft-lg-0 brz-css-o5r_B\" data-uniq-id=\"gUZe_\" data-generated-css=\"brz-css-nPLq8\"><strong class=\"brz-cp-color5\">Program:<\/strong><\/p>\n<p class=\"brz-text-xs-center brz-tp-lg-empty brz-ff-titillium_web brz-ft-google brz-fs-lg-16 brz-fss-lg-px brz-fw-lg-600 brz-ls-lg-0 brz-lh-lg-1_4 brz-vfw-lg-400 brz-fwdth-lg-100 brz-fsft-lg-0 brz-css-buL8J\" data-uniq-id=\"lWvVy\" data-generated-css=\"brz-css-sqdth\"><span class=\"brz-cp-color5\"> <\/span><\/p>\n<p class=\"brz-text-xs-center brz-tp-lg-empty brz-ff-titillium_web brz-ft-google brz-fs-lg-16 brz-fss-lg-px brz-fw-lg-600 brz-ls-lg-0 brz-lh-lg-1_4 brz-vfw-lg-400 brz-fwdth-lg-100 brz-fsft-lg-0 brz-css-zopIb\" data-uniq-id=\"mHiBg\" data-generated-css=\"brz-css-ospb8\"><strong class=\"brz-cp-color5\">Introduction to basic concepts:<\/strong><\/p>\n<ol>\n<li class=\"brz-text-lg-justify brz-text-xs-center brz-tp-lg-empty brz-ff-titillium_web brz-ft-google brz-fs-lg-16 brz-fss-lg-px brz-fw-lg-600 brz-ls-lg-0 brz-lh-lg-1_4 brz-vfw-lg-400 brz-fwdth-lg-100 brz-fsft-lg-0 brz-bcp-color5 brz-css-srPAY\" data-uniq-id=\"e3aRs\" data-generated-css=\"brz-css-a5upm\"><span class=\"brz-cp-color5\">Understanding trauma and it`s influence.<\/span><\/li>\n<li class=\"brz-text-lg-justify brz-text-xs-center brz-tp-lg-empty brz-ff-titillium_web brz-ft-google brz-fs-lg-16 brz-fss-lg-px brz-fw-lg-600 brz-ls-lg-0 brz-lh-lg-1_4 brz-vfw-lg-400 brz-fwdth-lg-100 brz-fsft-lg-0 brz-bcp-color5 brz-css-ymowo\" data-uniq-id=\"xrd5N\" data-generated-css=\"brz-css-ofl34\"><span class=\"brz-cp-color5\">Consequences for helpers: vicarious trauma, secondary traumatic stress, compassion fatigue and burnout.<\/span><\/li>\n<li class=\"brz-text-lg-justify brz-text-xs-center brz-tp-lg-empty brz-ff-titillium_web brz-ft-google brz-fs-lg-16 brz-fss-lg-px brz-fw-lg-600 brz-ls-lg-0 brz-lh-lg-1_4 brz-vfw-lg-400 brz-fwdth-lg-100 brz-fsft-lg-0 brz-bcp-color5 brz-css-saUzX\" data-uniq-id=\"bATeH\" data-generated-css=\"brz-css-sbDHL\"><span class=\"brz-cp-color5\">Psychodynamics: theories and models, identification and assessment.<\/span><\/li>\n<\/ol>\n<p class=\"brz-text-lg-justify brz-text-xs-center brz-tp-lg-empty brz-ff-titillium_web brz-ft-google brz-fs-lg-16 brz-fss-lg-px brz-fw-lg-600 brz-ls-lg-0 brz-lh-lg-1_4 brz-vfw-lg-400 brz-fwdth-lg-100 brz-fsft-lg-0 brz-bcp-color5 brz-css-pBIWb\" data-uniq-id=\"fXC2C\" data-generated-css=\"brz-css-dJWZj\"><span class=\"brz-cp-color5\"> <\/span><\/p>\n<p class=\"brz-text-xs-center brz-tp-lg-empty brz-ff-titillium_web brz-ft-google brz-fs-lg-16 brz-fss-lg-px brz-fw-lg-600 brz-ls-lg-0 brz-lh-lg-1_4 brz-vfw-lg-400 brz-fwdth-lg-100 brz-fsft-lg-0 brz-css-bNeJX\" data-uniq-id=\"oap00\" data-generated-css=\"brz-css-tpYN1\"><strong class=\"brz-cp-color5\">Prevention and self-care strategies:<\/strong><\/p>\n<ol>\n<li class=\"brz-text-xs-center brz-tp-lg-empty brz-ff-titillium_web brz-ft-google brz-fs-lg-16 brz-fss-lg-px brz-fw-lg-600 brz-ls-lg-0 brz-lh-lg-1_4 brz-vfw-lg-400 brz-fwdth-lg-100 brz-fsft-lg-0 brz-bcp-color5 brz-css-jmyB1\" data-uniq-id=\"zFfh9\" data-generated-css=\"brz-css-c7kuM\"><span class=\"brz-cp-color5\">Risk and resources.<\/span><\/li>\n<li class=\"brz-text-xs-center brz-tp-lg-empty brz-ff-titillium_web brz-ft-google brz-fs-lg-16 brz-fss-lg-px brz-fw-lg-600 brz-ls-lg-0 brz-lh-lg-1_4 brz-vfw-lg-400 brz-fwdth-lg-100 brz-fsft-lg-0 brz-bcp-color5 brz-css-nLvf7\" data-uniq-id=\"iftUJ\" data-generated-css=\"brz-css-tiilx\"><span class=\"brz-cp-color5\">Definition and description of self-care.<\/span><\/li>\n<li class=\"brz-text-xs-center brz-tp-lg-empty brz-ff-titillium_web brz-ft-google brz-fs-lg-16 brz-fss-lg-px brz-fw-lg-600 brz-ls-lg-0 brz-lh-lg-1_4 brz-vfw-lg-400 brz-fwdth-lg-100 brz-fsft-lg-0 brz-bcp-color5 brz-css-pAvmv\" data-uniq-id=\"pSvVB\" data-generated-css=\"brz-css-w203n\"><span class=\"brz-cp-color5\">Analysis of the status quo: &#8220;How do I cope with stressful situations?&#8221;<\/span><\/li>\n<li class=\"brz-text-xs-center brz-tp-lg-empty brz-ff-titillium_web brz-ft-google brz-fs-lg-16 brz-fss-lg-px brz-fw-lg-600 brz-ls-lg-0 brz-lh-lg-1_4 brz-vfw-lg-400 brz-fwdth-lg-100 brz-fsft-lg-0 brz-bcp-color5 brz-css-jEEYo\" data-uniq-id=\"rnVHN\" data-generated-css=\"brz-css-lPlsD\"><span class=\"brz-cp-color5\">Self-care plan. <\/span><\/li>\n<\/ol>\n<p class=\"brz-bcp-color5 brz-text-xs-center brz-tp-lg-empty brz-ff-titillium_web brz-ft-google brz-fs-lg-16 brz-fss-lg-px brz-fw-lg-600 brz-ls-lg-0 brz-lh-lg-1_4 brz-vfw-lg-400 brz-fwdth-lg-100 brz-fsft-lg-0 brz-css-zzl3m\" data-uniq-id=\"sUXSZ\" data-generated-css=\"brz-css-uYePx\"><span class=\"brz-cp-color5\"> <\/span><\/p>\n<p class=\"brz-bcp-color5 brz-text-xs-center brz-tp-lg-empty brz-ff-titillium_web brz-ft-google brz-fs-lg-16 brz-fss-lg-px brz-fw-lg-600 brz-ls-lg-0 brz-lh-lg-1_4 brz-vfw-lg-400 brz-fwdth-lg-100 brz-fsft-lg-0 brz-css-fuKz2\" data-uniq-id=\"v2WFA\" data-generated-css=\"brz-css-acMWL\"><strong class=\"brz-cp-color5\">Methodology is based on a humanistic\/ Gestalt approach.<\/strong><\/p>\n<ol>\n<li class=\"brz-text-xs-center brz-tp-lg-empty brz-ff-titillium_web brz-ft-google brz-fs-lg-16 brz-fss-lg-px brz-fw-lg-600 brz-ls-lg-0 brz-lh-lg-1_4 brz-vfw-lg-400 brz-fwdth-lg-100 brz-fsft-lg-0 brz-bcp-color5 brz-css-epkyI\" data-uniq-id=\"bSBfQ\" data-generated-css=\"brz-css-c7MOK\"><span class=\"brz-cp-color5\">Lectures <\/span><\/li>\n<li class=\"brz-text-xs-center brz-tp-lg-empty brz-ff-titillium_web brz-ft-google brz-fs-lg-16 brz-fss-lg-px brz-fw-lg-600 brz-ls-lg-0 brz-lh-lg-1_4 brz-vfw-lg-400 brz-fwdth-lg-100 brz-fsft-lg-0 brz-bcp-color5 brz-css-n76W9\" data-uniq-id=\"fD5Bt\" data-generated-css=\"brz-css-ez0cH\"><span class=\"brz-cp-color5\">Active methods. Group dynamics, role-play, psychodrama and experiential exercises to engage participants actively in learning.<\/span><\/li>\n<li class=\"brz-text-xs-center brz-tp-lg-empty brz-ff-titillium_web brz-ft-google brz-fs-lg-16 brz-fss-lg-px brz-fw-lg-600 brz-ls-lg-0 brz-lh-lg-1_4 brz-vfw-lg-400 brz-fwdth-lg-100 brz-fsft-lg-0 brz-bcp-color5 brz-css-dKyFS\" data-uniq-id=\"aTISf\" data-generated-css=\"brz-css-xNPG3\"><span class=\"brz-cp-color5\">Practical emphasis: guided practices and case studies to provide practical experience and practical application of theoretical knowledge.<\/span><\/li>\n<\/ol>\n<p class=\"brz-text-xs-center brz-tp-lg-empty brz-ff-titillium_web brz-ft-google brz-fs-lg-16 brz-fss-lg-px brz-fw-lg-600 brz-ls-lg-0 brz-lh-lg-1_4 brz-vfw-lg-400 brz-fwdth-lg-100 brz-fsft-lg-0 brz-bcp-color5 brz-css-umEac\" data-uniq-id=\"c53z7\" data-generated-css=\"brz-css-oSvF0\"><span class=\"brz-cp-color5\"> <\/span><\/p>\n<p class=\"brz-text-xs-center brz-tp-lg-empty brz-ff-titillium_web brz-ft-google brz-fs-lg-16 brz-fss-lg-px brz-fw-lg-600 brz-ls-lg-0 brz-lh-lg-1_4 brz-vfw-lg-400 brz-fwdth-lg-100 brz-fsft-lg-0 brz-bcp-color5 brz-css-cFLHg\" data-uniq-id=\"wvEji\" data-generated-css=\"brz-css-kuVgS\"><strong class=\"brz-cp-color5\">Trainers: <\/strong><\/p>\n<ul>\n<li class=\"brz-text-xs-center brz-tp-lg-empty brz-ff-titillium_web brz-ft-google brz-fs-lg-16 brz-fss-lg-px brz-fw-lg-600 brz-ls-lg-0 brz-lh-lg-1_4 brz-vfw-lg-400 brz-fwdth-lg-100 brz-fsft-lg-0 brz-bcp-color5 brz-css-iL2AC\" data-uniq-id=\"jGvmI\" data-generated-css=\"brz-css-pxQng\"><span class=\"brz-cp-color5\">Oliver Baiocco: Gestalt and Body Therapist, Trauma Therapist, Counsellor, Social Scientist, M.Sc. (DVG, EAGT).<\/span><\/li>\n<li data-uniq-id=\"rN2zl\" data-generated-css=\"brz-css-l07At\" class=\"brz-text-xs-center brz-tp-lg-empty brz-bcp-color5 brz-ff-titillium_web brz-ft-google brz-fs-lg-16 brz-fss-lg-px brz-fw-lg-600 brz-ls-lg-0 brz-lh-lg-1_4 brz-vfw-lg-400 brz-fwdth-lg-100 brz-fsft-lg-0 brz-css-dlNQj\"><span class=\"brz-cp-color5\">Kaire Talviste-Baiocco<\/span><strong class=\"brz-cp-color5\">: <\/strong><span class=\"brz-cp-color5\">Gestalt Psychotherapist, Trauma therapist, Sexologist, writer, M.A (EGP\u00dc, EAGT, EAP).<\/span><\/li>\n<\/ul>\n<\/div>\n<\/div>\n<\/div>\n<div id=\"\" class=\"brz-css-1llkt8w brz-css-zssyrr brz-css-1wdt17j brz-wrapper\">\n<div class=\"brz-spacer brz-css-1c7h63j brz-css-albml\"><\/div>\n<\/div>\n<div id=\"\" class=\"brz-css-1llkt8w brz-css-zssyrr brz-css-1j0428u brz-wrapper\">\n<div class=\"brz-spacer brz-css-1c7h63j brz-css-n5m90m\"><\/div>\n<\/div>\n<\/div>\n<\/div>\n<\/div>\n<\/div>\n<\/div>\n<\/div>\n<\/div>\n<\/div>\n<\/div>\n<\/div>\n<\/section>\n<section id=\"_mGewLYzHWheG\" class=\"brz-section brz-css-132dski\">\n<div class=\"brz-section__content brz-section--boxed brz-css-o6gky brz-css-n3kq5t\" data-brz-custom-id=\"oQJz_x9d9b1Y\">\n<div class=\"brz-bg\">\n<div class=\"brz-bg-image\"><\/div>\n<div class=\"brz-bg-color\"><\/div>\n<\/div>\n<div class=\"brz-container brz-css-1kf06n2\">\n<div class=\"brz-row__container brz-css-x6tgfn\" data-brz-custom-id=\"tomBUvOOiDT_\">\n<div class=\"brz-bg\"><\/div>\n<div class=\"brz-row brz-css-kbrrvu brz-css-17na63t\">\n<div class=\"brz-columns brz-css-17unwft brz-css-pafyk6\" data-brz-custom-id=\"rrfVPbD3arQB\">\n<div class=\"brz-bg\"><\/div>\n<div class=\"brz-column__items brz-css-1pbxpci brz-css-ibvnox\">\n<div id=\"\" class=\"brz-css-1llkt8w brz-wrapper\">\n<div class=\"brz-rich-text brz-rich-text__custom brz-css-bg3c3v\" data-brz-custom-id=\"cbCyrEZePRJW\">\n<div data-brz-translate-text=\"1\">\n<h2 class=\"brz-text-xs-center brz-tp-lg-heading2 brz-css-gnFqU\" data-generated-css=\"brz-css-oGXaz\" data-uniq-id=\"hX34S\"><span class=\"brz-cp-color3\">Come and join the course!<\/span><\/h2>\n<\/div>\n<\/div>\n<\/div>\n<div id=\"\" class=\"brz-css-1llkt8w brz-css-zssyrr brz-css-4sxfco brz-wrapper\">\n<div class=\"brz-spacer brz-css-1c7h63j brz-css-14n34bc\"><\/div>\n<\/div>\n<div id=\"\" class=\"brz-css-1llkt8w brz-css-zssyrr brz-css-i4bl6g brz-wrapper\">\n<div class=\"brz-spacer brz-css-1c7h63j brz-css-1w784pw\"><\/div>\n<\/div>\n<div id=\"\" class=\"brz-css-1llkt8w brz-css-zssyrr brz-css-1sc9zy7 brz-wrapper\">\n<div class=\"brz-spacer brz-css-1c7h63j brz-css-14u71ee\"><\/div>\n<\/div>\n<div id=\"\" class=\"brz-css-1llkt8w brz-css-zssyrr brz-css-1pfxc6g brz-wrapper\">\n<div class=\"brz-spacer brz-css-1c7h63j brz-css-hv86k4\"><\/div>\n<\/div>\n<\/div>\n<\/div>\n<div class=\"brz-columns brz-css-17unwft brz-css-w1jrhr\" data-brz-custom-id=\"hBzeiP_yaPrh\">\n<div class=\"brz-bg\">\n<div class=\"brz-bg-color\"><\/div>\n<\/div>\n<div class=\"brz-column__items brz-css-1pbxpci brz-css-1yzf6p0\">\n<div id=\"\" class=\"brz-css-1llkt8w brz-css-zssyrr brz-css-17axjc5 brz-wrapper\">\n<div class=\"brz-spacer brz-css-1c7h63j brz-css-1b138sr\"><\/div>\n<\/div>\n<div id=\"\" class=\"brz-css-1llkt8w brz-wrapper\">\n<div class=\"brz-rich-text brz-rich-text__custom brz-css-bg3c3v\" data-brz-custom-id=\"vR9HSIY42OxN\">\n<div data-brz-translate-text=\"1\">\n<p class=\"brz-tp-lg-subtitle brz-css-vWJq9\" data-uniq-id=\"lzSl8\" data-generated-css=\"brz-css-mezsm\"><strong class=\"brz-cp-color3\">SIGN UP<\/strong><\/p>\n<\/div>\n<\/div>\n<\/div>\n<div id=\"\" class=\"brz-css-1llkt8w brz-wrapper\">\n<div data-brz-form-version=\"2\" class=\"brz-forms2 brz-css-1i2uub\" data-brz-custom-id=\"w9IYMvvFoqnl\">\n<div data-brz-translate-text=\"1\" class=\"brz-forms2__item brz-css-1dozy7m brz-css-s88w8f brz-css-1s6j1s6\"><\/div>\n<div data-brz-translate-text=\"1\" class=\"brz-forms2__item brz-css-1dozy7m brz-css-s88w8f brz-css-1s6j1s6 brz-css-c1raac\"><\/div>\n<div data-brz-translate-text=\"1\" class=\"brz-forms2__item brz-css-1dozy7m brz-css-s88w8f brz-css-1s6j1s6 brz-css-si1f2f\"><\/div>\n<div data-brz-translate-text=\"1\" class=\"brz-forms2__item brz-css-1dozy7m brz-css-s88w8f brz-css-1s6j1s6\"><\/div>\n<div data-brz-translate-text=\"1\" class=\"brz-forms2__item brz-css-1dozy7m brz-css-s88w8f brz-css-1s6j1s6 brz-css-2lsasi\"><textarea id=\"xze6Wm5VfC1o_\" name=\"m7CyF_L4qofe\" data-brz-type=\"Paragraph\" data-brz-label=\"Your text...\" data-brz-placeholder=\"Your text...\" class=\"brz-textarea brz-forms2__field brz-forms2__field-paragraph\"><\/textarea><\/div>\n<div class=\"brz-forms2 brz-forms2__item brz-forms2__item-button\" data-brz-custom-id=\"w9IYMvvFoqnl\"><button class=\"brz-btn brz-btn-submit brz-css-1kzqd00 brz-css-3x64h1\" data-brz-custom-id=\"zSNSRQrrdK0W\"><span data-brz-translate-text=\"1\" class=\"brz-span brz-text__editor\">SUBMIT<\/span><\/button><\/div>\n<div class=\"brz-g-recaptcha\" data-sitekey=\"\" data-size=\"invisible\" data-callback=\"brzFormV2Captcha\"><\/div>\n<\/div>\n<\/div>\n<div id=\"\" class=\"brz-css-1llkt8w brz-css-zssyrr brz-css-1qq87zi brz-wrapper\">\n<div class=\"brz-spacer brz-css-1c7h63j brz-css-7nggg2\"><\/div>\n<\/div>\n<\/div>\n<\/div>\n<\/div>\n<\/div>\n<\/div>\n<\/div>\n<\/section>\n<\/div>\n<p>    <!-- version:1747708413 --><\/p>\n","protected":false},"excerpt":{"rendered":"<p>Course Information: 26.-28.03.2025 Wed 10-18, Thur 10-18, Fri 10-14 Institute of Service Economy Tiigivahe tee 2, M\u00f5driku, L\u00e4\u00e4ne-Virumaa Language: English Leaders: Oliver Baiocco, Kaire Talviste-Baiocco Free entrance with pre-registration Target group: psychotherapists, social workers and students, youth workers, teachers, lawyers, police etc. who deal with young people in difficult situations. SELF-CARE FOR PROFESSIONALS Self-care for [&hellip;]<\/p>\n","protected":false},"author":1,"featured_media":0,"parent":0,"menu_order":0,"comment_status":"closed","ping_status":"closed","template":"brizy-blank-template.php","meta":{"footnotes":""},"class_list":["post-35894","page","type-page","status-publish","hentry"],"_links":{"self":[{"href":"https:\/\/test.egtc.ee\/en_gb\/wp-json\/wp\/v2\/pages\/35894","targetHints":{"allow":["GET"]}}],"collection":[{"href":"https:\/\/test.egtc.ee\/en_gb\/wp-json\/wp\/v2\/pages"}],"about":[{"href":"https:\/\/test.egtc.ee\/en_gb\/wp-json\/wp\/v2\/types\/page"}],"author":[{"embeddable":true,"href":"https:\/\/test.egtc.ee\/en_gb\/wp-json\/wp\/v2\/users\/1"}],"replies":[{"embeddable":true,"href":"https:\/\/test.egtc.ee\/en_gb\/wp-json\/wp\/v2\/comments?post=35894"}],"version-history":[{"count":5,"href":"https:\/\/test.egtc.ee\/en_gb\/wp-json\/wp\/v2\/pages\/35894\/revisions"}],"predecessor-version":[{"id":36202,"href":"https:\/\/test.egtc.ee\/en_gb\/wp-json\/wp\/v2\/pages\/35894\/revisions\/36202"}],"wp:attachment":[{"href":"https:\/\/test.egtc.ee\/en_gb\/wp-json\/wp\/v2\/media?parent=35894"}],"curies":[{"name":"wp","href":"https:\/\/api.w.org\/{rel}","templated":true}]}}